{"id":499,"date":"2020-11-23T10:22:13","date_gmt":"2020-11-23T09:22:13","guid":{"rendered":"http:\/\/www.raoulschweitzer.fr\/?page_id=499"},"modified":"2026-01-20T10:00:34","modified_gmt":"2026-01-20T09:00:34","slug":"contact-2","status":"publish","type":"page","link":"https:\/\/www.raoulschweitzer.fr\/photographe-montpellier\/contact-2\/","title":{"rendered":"contact"},"content":{"rendered":"\t\t<div data-elementor-type=\"wp-page\" data-elementor-id=\"499\" class=\"elementor elementor-499\">\n\t\t\t\t\t\t<section class=\"elementor-section elementor-top-section elementor-element elementor-element-537d6809 elementor-section-boxed elementor-section-height-default elementor-section-height-default\" data-id=\"537d6809\" data-element_type=\"section\" data-settings=\"{&quot;background_background&quot;:&quot;classic&quot;}\">\n\t\t\t\t\t\t\t<div class=\"elementor-background-overlay\"><\/div>\n\t\t\t\t\t\t\t<div class=\"elementor-container elementor-column-gap-default\">\n\t\t\t\t\t<div class=\"elementor-column elementor-col-100 elementor-top-column elementor-element elementor-element-6e81b113\" data-id=\"6e81b113\" data-element_type=\"column\">\n\t\t\t<div class=\"elementor-widget-wrap elementor-element-populated\">\n\t\t\t\t\t\t<div class=\"elementor-element elementor-element-65457a58 elementor-widget elementor-widget-heading\" data-id=\"65457a58\" data-element_type=\"widget\" data-widget_type=\"heading.default\">\n\t\t\t\t<div class=\"elementor-widget-container\">\n\t\t\t\t\t<h1 class=\"elementor-heading-title elementor-size-default\">Contactez moi<\/h1>\t\t\t\t<\/div>\n\t\t\t\t<\/div>\n\t\t\t\t\t<\/div>\n\t\t<\/div>\n\t\t\t\t\t<\/div>\n\t\t<\/section>\n\t\t\t\t<section class=\"elementor-section elementor-top-section elementor-element elementor-element-6714c2c7 elementor-section-content-middle elementor-section-boxed elementor-section-height-default elementor-section-height-default\" data-id=\"6714c2c7\" data-element_type=\"section\" data-settings=\"{&quot;background_background&quot;:&quot;classic&quot;}\">\n\t\t\t\t\t\t<div class=\"elementor-container elementor-column-gap-default\">\n\t\t\t\t\t<div class=\"elementor-column elementor-col-50 elementor-top-column elementor-element elementor-element-2ddcaf4f\" data-id=\"2ddcaf4f\" data-element_type=\"column\">\n\t\t\t<div class=\"elementor-widget-wrap elementor-element-populated\">\n\t\t\t\t\t\t<div class=\"elementor-element elementor-element-11dc7591 elementor-widget elementor-widget-heading\" data-id=\"11dc7591\" data-element_type=\"widget\" data-widget_type=\"heading.default\">\n\t\t\t\t<div class=\"elementor-widget-container\">\n\t\t\t\t\t<h2 class=\"elementor-heading-title elementor-size-default\">Vous avez besoin d'un photographe professionnel ?<\/h2>\t\t\t\t<\/div>\n\t\t\t\t<\/div>\n\t\t\t\t<div class=\"elementor-element elementor-element-594a9ae elementor-widget elementor-widget-text-editor\" data-id=\"594a9ae\" data-element_type=\"widget\" data-widget_type=\"text-editor.default\">\n\t\t\t\t<div class=\"elementor-widget-container\">\n\t\t\t\t\t\t\t\t\t<p>Je vous invite \u00e0 prendre contact pour toute question ou projet particulier, je vous r\u00e9pondrai dans les plus bref d\u00e9lais.<\/p>\t\t\t\t\t\t\t\t<\/div>\n\t\t\t\t<\/div>\n\t\t\t\t\t<\/div>\n\t\t<\/div>\n\t\t\t\t<div class=\"elementor-column elementor-col-50 elementor-top-column elementor-element elementor-element-29f885a7\" data-id=\"29f885a7\" data-element_type=\"column\">\n\t\t\t<div class=\"elementor-widget-wrap elementor-element-populated\">\n\t\t\t\t\t\t<div class=\"elementor-element elementor-element-27edef2b elementor-widget elementor-widget-google_maps\" data-id=\"27edef2b\" data-element_type=\"widget\" data-widget_type=\"google_maps.default\">\n\t\t\t\t<div class=\"elementor-widget-container\">\n\t\t\t\t\t\t\t<div class=\"elementor-custom-embed\">\n\t\t\t<iframe loading=\"lazy\"\n\t\t\t\t\tsrc=\"https:\/\/maps.google.com\/maps?q=Montpellier&#038;t=m&#038;z=10&#038;output=embed&#038;iwloc=near\"\n\t\t\t\t\ttitle=\"Montpellier\"\n\t\t\t\t\taria-label=\"Montpellier\"\n\t\t\t><\/iframe>\n\t\t<\/div>\n\t\t\t\t\t\t<\/div>\n\t\t\t\t<\/div>\n\t\t\t\t\t<\/div>\n\t\t<\/div>\n\t\t\t\t\t<\/div>\n\t\t<\/section>\n\t\t\t\t<section class=\"elementor-section elementor-top-section elementor-element elementor-element-496697cc elementor-section-boxed elementor-section-height-default elementor-section-height-default\" data-id=\"496697cc\" data-element_type=\"section\" data-settings=\"{&quot;background_background&quot;:&quot;classic&quot;}\">\n\t\t\t\t\t\t\t<div class=\"elementor-background-overlay\"><\/div>\n\t\t\t\t\t\t\t<div class=\"elementor-container elementor-column-gap-default\">\n\t\t\t\t\t<div class=\"elementor-column elementor-col-33 elementor-top-column elementor-element elementor-element-d62f3e8\" data-id=\"d62f3e8\" data-element_type=\"column\">\n\t\t\t<div class=\"elementor-widget-wrap elementor-element-populated\">\n\t\t\t\t\t\t<div class=\"elementor-element elementor-element-12c4be5b elementor-widget elementor-widget-heading\" data-id=\"12c4be5b\" data-element_type=\"widget\" data-widget_type=\"heading.default\">\n\t\t\t\t<div class=\"elementor-widget-container\">\n\t\t\t\t\t<h3 class=\"elementor-heading-title elementor-size-default\">Rencontrons-nous \n<\/h3>\t\t\t\t<\/div>\n\t\t\t\t<\/div>\n\t\t\t\t<div class=\"elementor-element elementor-element-5c8b6a5 elementor-widget elementor-widget-text-editor\" data-id=\"5c8b6a5\" data-element_type=\"widget\" data-widget_type=\"text-editor.default\">\n\t\t\t\t<div class=\"elementor-widget-container\">\n\t\t\t\t\t\t\t\t\t<p>Je serais heureux de vous rencontrer pour parler de votre projet, autour d&rsquo;un caf\u00e9 !<\/p>\t\t\t\t\t\t\t\t<\/div>\n\t\t\t\t<\/div>\n\t\t\t\t<div class=\"elementor-element elementor-element-8d41b30 elementor-widget elementor-widget-text-editor\" data-id=\"8d41b30\" data-element_type=\"widget\" data-widget_type=\"text-editor.default\">\n\t\t\t\t<div class=\"elementor-widget-container\">\n\t\t\t\t\t\t\t\t\t<p>Chez moi, chez vous , sur une terrasse \u00e0 Montpellier ?<\/p>\t\t\t\t\t\t\t\t<\/div>\n\t\t\t\t<\/div>\n\t\t\t\t\t<\/div>\n\t\t<\/div>\n\t\t\t\t<div class=\"elementor-column elementor-col-33 elementor-top-column elementor-element elementor-element-63eca21\" data-id=\"63eca21\" data-element_type=\"column\">\n\t\t\t<div class=\"elementor-widget-wrap elementor-element-populated\">\n\t\t\t\t\t\t<div class=\"elementor-element elementor-element-19ce3b8 elementor-widget elementor-widget-heading\" data-id=\"19ce3b8\" data-element_type=\"widget\" data-widget_type=\"heading.default\">\n\t\t\t\t<div class=\"elementor-widget-container\">\n\t\t\t\t\t<h3 class=\"elementor-heading-title elementor-size-default\">Appelez-moi<\/h3>\t\t\t\t<\/div>\n\t\t\t\t<\/div>\n\t\t\t\t<div class=\"elementor-element elementor-element-c716fd6 elementor-widget elementor-widget-text-editor\" data-id=\"c716fd6\" data-element_type=\"widget\" data-widget_type=\"text-editor.default\">\n\t\t\t\t<div class=\"elementor-widget-container\">\n\t\t\t\t\t\t\t\t\t<p>Si je ne suis pas en shooting, le moyen le plus rapide pour me joindre<\/p>\t\t\t\t\t\t\t\t<\/div>\n\t\t\t\t<\/div>\n\t\t\t\t<div class=\"elementor-element elementor-element-912e04c elementor-widget elementor-widget-text-editor\" data-id=\"912e04c\" data-element_type=\"widget\" data-widget_type=\"text-editor.default\">\n\t\t\t\t<div class=\"elementor-widget-container\">\n\t\t\t\t\t\t\t\t\t<p>06 17 71 42 04<\/p>\t\t\t\t\t\t\t\t<\/div>\n\t\t\t\t<\/div>\n\t\t\t\t\t<\/div>\n\t\t<\/div>\n\t\t\t\t<div class=\"elementor-column elementor-col-33 elementor-top-column elementor-element elementor-element-137415f\" data-id=\"137415f\" data-element_type=\"column\">\n\t\t\t<div class=\"elementor-widget-wrap elementor-element-populated\">\n\t\t\t\t\t\t<div class=\"elementor-element elementor-element-d484802 elementor-widget elementor-widget-heading\" data-id=\"d484802\" data-element_type=\"widget\" data-widget_type=\"heading.default\">\n\t\t\t\t<div class=\"elementor-widget-container\">\n\t\t\t\t\t<h3 class=\"elementor-heading-title elementor-size-default\">Ecrivez-moi<\/h3>\t\t\t\t<\/div>\n\t\t\t\t<\/div>\n\t\t\t\t<div class=\"elementor-element elementor-element-e07894f elementor-widget elementor-widget-text-editor\" data-id=\"e07894f\" data-element_type=\"widget\" data-widget_type=\"text-editor.default\">\n\t\t\t\t<div class=\"elementor-widget-container\">\n\t\t\t\t\t\t\t\t\t<p>Vous avez une question , une demande de tarifs ou de devis ? Je vous r\u00e9ponds en 48 heures max<\/p>\t\t\t\t\t\t\t\t<\/div>\n\t\t\t\t<\/div>\n\t\t\t\t<div class=\"elementor-element elementor-element-fa042fc elementor-widget elementor-widget-text-editor\" data-id=\"fa042fc\" data-element_type=\"widget\" data-widget_type=\"text-editor.default\">\n\t\t\t\t<div class=\"elementor-widget-container\">\n\t\t\t\t\t\t\t\t\t<p>Formulaire ci-dessous<\/p>\t\t\t\t\t\t\t\t<\/div>\n\t\t\t\t<\/div>\n\t\t\t\t\t<\/div>\n\t\t<\/div>\n\t\t\t\t\t<\/div>\n\t\t<\/section>\n\t\t\t\t<section class=\"elementor-section elementor-top-section elementor-element elementor-element-70efc27 elementor-section-boxed elementor-section-height-default elementor-section-height-default\" data-id=\"70efc27\" data-element_type=\"section\">\n\t\t\t\t\t\t<div class=\"elementor-container elementor-column-gap-default\">\n\t\t\t\t\t<div class=\"elementor-column elementor-col-100 elementor-top-column elementor-element elementor-element-3ae847e\" data-id=\"3ae847e\" data-element_type=\"column\">\n\t\t\t<div class=\"elementor-widget-wrap elementor-element-populated\">\n\t\t\t\t\t\t<div class=\"elementor-element elementor-element-1b42b2b elementor-widget elementor-widget-shortcode\" data-id=\"1b42b2b\" data-element_type=\"widget\" data-widget_type=\"shortcode.default\">\n\t\t\t\t<div class=\"elementor-widget-container\">\n\t\t\t\t\t\t\t<div class=\"elementor-shortcode\">\n<div class=\"wpcf7 no-js\" id=\"wpcf7-f1741-o1\" lang=\"fr-FR\" dir=\"ltr\">\n<div class=\"screen-reader-response\"><p role=\"status\" aria-live=\"polite\" aria-atomic=\"true\"><\/p> <ul><\/ul><\/div>\n<form action=\"\/photographe-montpellier\/wp-json\/wp\/v2\/pages\/499#wpcf7-f1741-o1\" method=\"post\" class=\"wpcf7-form init\" aria-label=\"Formulaire de contact\" novalidate=\"novalidate\" data-status=\"init\">\n<div style=\"display: none;\">\n<input type=\"hidden\" name=\"_wpcf7\" value=\"1741\" \/>\n<input type=\"hidden\" name=\"_wpcf7_version\" value=\"5.9.8\" \/>\n<input type=\"hidden\" name=\"_wpcf7_locale\" value=\"fr_FR\" \/>\n<input type=\"hidden\" name=\"_wpcf7_unit_tag\" value=\"wpcf7-f1741-o1\" \/>\n<input type=\"hidden\" name=\"_wpcf7_container_post\" value=\"0\" \/>\n<input type=\"hidden\" name=\"_wpcf7_posted_data_hash\" value=\"\" \/>\n<input type=\"hidden\" name=\"_wpcf7_recaptcha_response\" value=\"\" \/>\n<\/div>\n\n<p><label> Votre nom<br \/>\n<span class=\"wpcf7-form-control-wrap\" data-name=\"your-name\"><input size=\"40\" maxlength=\"400\" class=\"wpcf7-form-control wpcf7-text wpcf7-validates-as-required\" autocomplete=\"name\" aria-required=\"true\" aria-invalid=\"false\" value=\"\" type=\"text\" name=\"your-name\" \/><\/span> <\/label>\n<\/p>\n<p><label> Votre e-mail<br \/>\n<span class=\"wpcf7-form-control-wrap\" data-name=\"your-email\"><input size=\"40\" maxlength=\"400\" class=\"wpcf7-form-control wpcf7-email wpcf7-validates-as-required wpcf7-text wpcf7-validates-as-email\" autocomplete=\"email\" aria-required=\"true\" aria-invalid=\"false\" value=\"\" type=\"email\" name=\"your-email\" \/><\/span> <\/label>\n<\/p>\n<p><label> Votre t\u00e9l\u00e9phone<br \/>\n<span class=\"wpcf7-form-control-wrap\" data-name=\"tel-224\"><input size=\"40\" maxlength=\"400\" class=\"wpcf7-form-control wpcf7-tel wpcf7-validates-as-required wpcf7-text wpcf7-validates-as-tel\" aria-required=\"true\" aria-invalid=\"false\" value=\"\" type=\"tel\" name=\"tel-224\" \/><\/span> <\/label>\n<\/p>\n<p><label> Votre message (facultatif)<br \/>\n<span class=\"wpcf7-form-control-wrap\" data-name=\"your-message\"><textarea cols=\"40\" rows=\"10\" maxlength=\"2000\" class=\"wpcf7-form-control wpcf7-textarea\" aria-invalid=\"false\" name=\"your-message\"><\/textarea><\/span> <\/label>\n<\/p>\n<p><input class=\"wpcf7-form-control wpcf7-submit has-spinner\" type=\"submit\" value=\"Envoyer\" \/>\n<\/p><div class=\"wpcf7-response-output\" aria-hidden=\"true\"><\/div>\n<\/form>\n<\/div>\n<\/div>\n\t\t\t\t\t\t<\/div>\n\t\t\t\t<\/div>\n\t\t\t\t\t<\/div>\n\t\t<\/div>\n\t\t\t\t\t<\/div>\n\t\t<\/section>\n\t\t\t\t<\/div>\n\t\t","protected":false},"excerpt":{"rendered":"<p>Contactez moi Vous avez besoin d&rsquo;un photographe professionnel ? Je vous invite \u00e0 prendre contact pour toute question ou projet particulier, je vous r\u00e9pondrai dans les plus bref d\u00e9lais. Rencontrons-nous Je serais heureux de vous rencontrer pour parler de votre projet, autour d&rsquo;un caf\u00e9 ! Chez moi, chez vous , sur une terrasse \u00e0 Montpellier [&hellip;]<\/p>\n","protected":false},"author":1,"featured_media":0,"parent":0,"menu_order":0,"comment_status":"closed","ping_status":"closed","template":"elementor_header_footer","meta":{"footnotes":""},"yoast_head":"<!-- This site is optimized with the Yoast SEO plugin v23.5 - https:\/\/yoast.com\/wordpress\/plugins\/seo\/ -->\n<title>contact - RAOUL SCHWEITZER photographe montpellier<\/title>\n<meta name=\"robots\" content=\"index, follow, max-snippet:-1, max-image-preview:large, max-video-preview:-1\" \/>\n<link rel=\"canonical\" href=\"https:\/\/www.raoulschweitzer.fr\/photographe-montpellier\/contact-2\/\" \/>\n<meta property=\"og:locale\" content=\"fr_FR\" \/>\n<meta property=\"og:type\" content=\"article\" \/>\n<meta property=\"og:title\" content=\"contact - RAOUL SCHWEITZER photographe montpellier\" \/>\n<meta property=\"og:description\" content=\"Contactez moi Vous avez besoin d&rsquo;un photographe professionnel ? Je vous invite \u00e0 prendre contact pour toute question ou projet particulier, je vous r\u00e9pondrai dans les plus bref d\u00e9lais. Rencontrons-nous Je serais heureux de vous rencontrer pour parler de votre projet, autour d&rsquo;un caf\u00e9 ! Chez moi, chez vous , sur une terrasse \u00e0 Montpellier [&hellip;]\" \/>\n<meta property=\"og:url\" content=\"https:\/\/www.raoulschweitzer.fr\/photographe-montpellier\/contact-2\/\" \/>\n<meta property=\"og:site_name\" content=\"RAOUL SCHWEITZER photographe montpellier\" \/>\n<meta property=\"article:publisher\" content=\"https:\/\/www.facebook.com\/123cheese.fr\" \/>\n<meta property=\"article:modified_time\" content=\"2026-01-20T09:00:34+00:00\" \/>\n<meta name=\"twitter:card\" content=\"summary_large_image\" \/>\n<meta name=\"twitter:label1\" content=\"Dur\u00e9e de lecture estim\u00e9e\" \/>\n\t<meta name=\"twitter:data1\" content=\"1 minute\" \/>\n<script type=\"application\/ld+json\" class=\"yoast-schema-graph\">{\"@context\":\"https:\/\/schema.org\",\"@graph\":[{\"@type\":\"WebPage\",\"@id\":\"https:\/\/www.raoulschweitzer.fr\/photographe-montpellier\/contact-2\/\",\"url\":\"https:\/\/www.raoulschweitzer.fr\/photographe-montpellier\/contact-2\/\",\"name\":\"contact - RAOUL SCHWEITZER photographe montpellier\",\"isPartOf\":{\"@id\":\"https:\/\/www.raoulschweitzer.fr\/photographe-montpellier\/#website\"},\"datePublished\":\"2020-11-23T09:22:13+00:00\",\"dateModified\":\"2026-01-20T09:00:34+00:00\",\"breadcrumb\":{\"@id\":\"https:\/\/www.raoulschweitzer.fr\/photographe-montpellier\/contact-2\/#breadcrumb\"},\"inLanguage\":\"fr-FR\",\"potentialAction\":[{\"@type\":\"ReadAction\",\"target\":[\"https:\/\/www.raoulschweitzer.fr\/photographe-montpellier\/contact-2\/\"]}]},{\"@type\":\"BreadcrumbList\",\"@id\":\"https:\/\/www.raoulschweitzer.fr\/photographe-montpellier\/contact-2\/#breadcrumb\",\"itemListElement\":[{\"@type\":\"ListItem\",\"position\":1,\"name\":\"Accueil\",\"item\":\"https:\/\/www.raoulschweitzer.fr\/photographe-montpellier\/\"},{\"@type\":\"ListItem\",\"position\":2,\"name\":\"contact\"}]},{\"@type\":\"WebSite\",\"@id\":\"https:\/\/www.raoulschweitzer.fr\/photographe-montpellier\/#website\",\"url\":\"https:\/\/www.raoulschweitzer.fr\/photographe-montpellier\/\",\"name\":\"RAOUL SCHWEITZER photographe montpellier\",\"description\":\"Photographe d&#039;entreprises, corporate, \u00e9v\u00e8nementiel\",\"publisher\":{\"@id\":\"https:\/\/www.raoulschweitzer.fr\/photographe-montpellier\/#organization\"},\"potentialAction\":[{\"@type\":\"SearchAction\",\"target\":{\"@type\":\"EntryPoint\",\"urlTemplate\":\"https:\/\/www.raoulschweitzer.fr\/photographe-montpellier\/?s={search_term_string}\"},\"query-input\":{\"@type\":\"PropertyValueSpecification\",\"valueRequired\":true,\"valueName\":\"search_term_string\"}}],\"inLanguage\":\"fr-FR\"},{\"@type\":\"Organization\",\"@id\":\"https:\/\/www.raoulschweitzer.fr\/photographe-montpellier\/#organization\",\"name\":\"RAOUL SCHWEITZER photographe montpellier\",\"url\":\"https:\/\/www.raoulschweitzer.fr\/photographe-montpellier\/\",\"logo\":{\"@type\":\"ImageObject\",\"inLanguage\":\"fr-FR\",\"@id\":\"https:\/\/www.raoulschweitzer.fr\/photographe-montpellier\/#\/schema\/logo\/image\/\",\"url\":\"http:\/\/www.raoulschweitzer.fr\/wp-content\/uploads\/2023\/03\/logo-nouv-2.png\",\"contentUrl\":\"http:\/\/www.raoulschweitzer.fr\/wp-content\/uploads\/2023\/03\/logo-nouv-2.png\",\"width\":3000,\"height\":3000,\"caption\":\"RAOUL SCHWEITZER photographe montpellier\"},\"image\":{\"@id\":\"https:\/\/www.raoulschweitzer.fr\/photographe-montpellier\/#\/schema\/logo\/image\/\"},\"sameAs\":[\"https:\/\/www.facebook.com\/123cheese.fr\",\"https:\/\/www.instagram.com\/raoul_schweitzer_photographe\/\"]}]}<\/script>\n<!-- \/ Yoast SEO plugin. -->","yoast_head_json":{"title":"contact - RAOUL SCHWEITZER photographe montpellier","robots":{"index":"index","follow":"follow","max-snippet":"max-snippet:-1","max-image-preview":"max-image-preview:large","max-video-preview":"max-video-preview:-1"},"canonical":"https:\/\/www.raoulschweitzer.fr\/photographe-montpellier\/contact-2\/","og_locale":"fr_FR","og_type":"article","og_title":"contact - RAOUL SCHWEITZER photographe montpellier","og_description":"Contactez moi Vous avez besoin d&rsquo;un photographe professionnel ? Je vous invite \u00e0 prendre contact pour toute question ou projet particulier, je vous r\u00e9pondrai dans les plus bref d\u00e9lais. Rencontrons-nous Je serais heureux de vous rencontrer pour parler de votre projet, autour d&rsquo;un caf\u00e9 ! Chez moi, chez vous , sur une terrasse \u00e0 Montpellier [&hellip;]","og_url":"https:\/\/www.raoulschweitzer.fr\/photographe-montpellier\/contact-2\/","og_site_name":"RAOUL SCHWEITZER photographe montpellier","article_publisher":"https:\/\/www.facebook.com\/123cheese.fr","article_modified_time":"2026-01-20T09:00:34+00:00","twitter_card":"summary_large_image","twitter_misc":{"Dur\u00e9e de lecture estim\u00e9e":"1 minute"},"schema":{"@context":"https:\/\/schema.org","@graph":[{"@type":"WebPage","@id":"https:\/\/www.raoulschweitzer.fr\/photographe-montpellier\/contact-2\/","url":"https:\/\/www.raoulschweitzer.fr\/photographe-montpellier\/contact-2\/","name":"contact - RAOUL SCHWEITZER photographe montpellier","isPartOf":{"@id":"https:\/\/www.raoulschweitzer.fr\/photographe-montpellier\/#website"},"datePublished":"2020-11-23T09:22:13+00:00","dateModified":"2026-01-20T09:00:34+00:00","breadcrumb":{"@id":"https:\/\/www.raoulschweitzer.fr\/photographe-montpellier\/contact-2\/#breadcrumb"},"inLanguage":"fr-FR","potentialAction":[{"@type":"ReadAction","target":["https:\/\/www.raoulschweitzer.fr\/photographe-montpellier\/contact-2\/"]}]},{"@type":"BreadcrumbList","@id":"https:\/\/www.raoulschweitzer.fr\/photographe-montpellier\/contact-2\/#breadcrumb","itemListElement":[{"@type":"ListItem","position":1,"name":"Accueil","item":"https:\/\/www.raoulschweitzer.fr\/photographe-montpellier\/"},{"@type":"ListItem","position":2,"name":"contact"}]},{"@type":"WebSite","@id":"https:\/\/www.raoulschweitzer.fr\/photographe-montpellier\/#website","url":"https:\/\/www.raoulschweitzer.fr\/photographe-montpellier\/","name":"RAOUL SCHWEITZER photographe montpellier","description":"Photographe d&#039;entreprises, corporate, \u00e9v\u00e8nementiel","publisher":{"@id":"https:\/\/www.raoulschweitzer.fr\/photographe-montpellier\/#organization"},"potentialAction":[{"@type":"SearchAction","target":{"@type":"EntryPoint","urlTemplate":"https:\/\/www.raoulschweitzer.fr\/photographe-montpellier\/?s={search_term_string}"},"query-input":{"@type":"PropertyValueSpecification","valueRequired":true,"valueName":"search_term_string"}}],"inLanguage":"fr-FR"},{"@type":"Organization","@id":"https:\/\/www.raoulschweitzer.fr\/photographe-montpellier\/#organization","name":"RAOUL SCHWEITZER photographe montpellier","url":"https:\/\/www.raoulschweitzer.fr\/photographe-montpellier\/","logo":{"@type":"ImageObject","inLanguage":"fr-FR","@id":"https:\/\/www.raoulschweitzer.fr\/photographe-montpellier\/#\/schema\/logo\/image\/","url":"http:\/\/www.raoulschweitzer.fr\/wp-content\/uploads\/2023\/03\/logo-nouv-2.png","contentUrl":"http:\/\/www.raoulschweitzer.fr\/wp-content\/uploads\/2023\/03\/logo-nouv-2.png","width":3000,"height":3000,"caption":"RAOUL SCHWEITZER photographe montpellier"},"image":{"@id":"https:\/\/www.raoulschweitzer.fr\/photographe-montpellier\/#\/schema\/logo\/image\/"},"sameAs":["https:\/\/www.facebook.com\/123cheese.fr","https:\/\/www.instagram.com\/raoul_schweitzer_photographe\/"]}]}},"_links":{"self":[{"href":"https:\/\/www.raoulschweitzer.fr\/photographe-montpellier\/wp-json\/wp\/v2\/pages\/499"}],"collection":[{"href":"https:\/\/www.raoulschweitzer.fr\/photographe-montpellier\/wp-json\/wp\/v2\/pages"}],"about":[{"href":"https:\/\/www.raoulschweitzer.fr\/photographe-montpellier\/wp-json\/wp\/v2\/types\/page"}],"author":[{"embeddable":true,"href":"https:\/\/www.raoulschweitzer.fr\/photographe-montpellier\/wp-json\/wp\/v2\/users\/1"}],"replies":[{"embeddable":true,"href":"https:\/\/www.raoulschweitzer.fr\/photographe-montpellier\/wp-json\/wp\/v2\/comments?post=499"}],"version-history":[{"count":116,"href":"https:\/\/www.raoulschweitzer.fr\/photographe-montpellier\/wp-json\/wp\/v2\/pages\/499\/revisions"}],"predecessor-version":[{"id":1961,"href":"https:\/\/www.raoulschweitzer.fr\/photographe-montpellier\/wp-json\/wp\/v2\/pages\/499\/revisions\/1961"}],"wp:attachment":[{"href":"https:\/\/www.raoulschweitzer.fr\/photographe-montpellier\/wp-json\/wp\/v2\/media?parent=499"}],"curies":[{"name":"wp","href":"https:\/\/api.w.org\/{rel}","templated":true}]}}